{"id":59,"date":"2021-05-07T22:05:32","date_gmt":"2021-05-07T20:05:32","guid":{"rendered":"http:\/\/saintjosephsegre.fr\/?page_id=59"},"modified":"2026-04-12T23:57:39","modified_gmt":"2026-04-12T21:57:39","slug":"lassociation","status":"publish","type":"page","link":"https:\/\/www.saintjosephsegre.fr\/?page_id=59","title":{"rendered":"L&rsquo;association"},"content":{"rendered":"\n<figure class=\"wp-block-gallery aligncenter has-nested-images columns-default is-cropped wp-block-gallery-1 is-layout-flex wp-block-gallery-is-layout-flex\">\n<figure class=\"wp-block-image size-large\"><img fetchpriority=\"high\" decoding=\"async\" width=\"1024\" height=\"682\" data-id=\"92\" src=\"https:\/\/www.saintjosephsegre.fr\/wp-content\/uploads\/2021\/05\/P25888580D4586753G-1.jpg\" alt=\"\" class=\"wp-image-92\" srcset=\"https:\/\/www.saintjosephsegre.fr\/wp-content\/uploads\/2021\/05\/P25888580D4586753G-1.jpg 1024w, https:\/\/www.saintjosephsegre.fr\/wp-content\/uploads\/2021\/05\/P25888580D4586753G-1-300x200.jpg 300w, https:\/\/www.saintjosephsegre.fr\/wp-content\/uploads\/2021\/05\/P25888580D4586753G-1-768x512.jpg 768w\" sizes=\"(max-width: 767px) 89vw, (max-width: 1000px) 54vw, (max-width: 1071px) 543px, 580px\" \/><figcaption class=\"wp-element-caption\">Photo Courrier de l&rsquo;Ouest 2021<\/figcaption><\/figure>\n<\/figure>\n\n\n\n<h2 class=\"wp-block-heading\">L&rsquo;objet<\/h2>\n\n\n\n<p>Selon les statuts approuv\u00e9s le 19 mars 2021, l&rsquo;association a pour objet :<\/p>\n\n\n\n<p><em>\u00ab la restauration et l\u2019entretien de la chapelle Saint-Joseph de Segr\u00e9 dans le respect de son affectation au culte catholique\u2026 \u00bb<\/em><\/p>\n\n\n\n<p><\/p>\n\n\n\n<hr class=\"wp-block-separator has-css-opacity\"\/>\n\n\n\n<h2 class=\"wp-block-heading\">Le bureau et le conseil d&rsquo;administration<\/h2>\n\n\n\n<div class=\"wp-block-group\"><div class=\"wp-block-group__inner-container is-layout-flow wp-block-group-is-layout-flow\">\n<p><strong>Pr\u00e9sidente d&rsquo;honneur<\/strong> : Madame Marcelle M\u00e9chineau<\/p>\n\n\n\n<p><strong>Pr\u00e9sident <\/strong>: Monsieur Philippe Cazaban<\/p>\n\n\n\n<p><strong>Vice-pr\u00e9sidente<\/strong> : Madame Evelyne Dubois<\/p>\n\n\n\n<p><strong>Secr\u00e9taire <\/strong>: Monsieur Giani Branchereau<\/p>\n\n\n\n<p><strong>Secr\u00e9taire adjointe <\/strong>: Madame Catherine Cottier<\/p>\n\n\n\n<p><strong>Tr\u00e9sorier <\/strong>: Monsieur Ludovic Florte<\/p>\n\n\n\n<p><strong>Tr\u00e9sorier adjoint <\/strong>: Monsieur Gildas Le Jean<\/p>\n\n\n\n<p><strong>Administrateurs <\/strong>: Monsieur Alexandre Cartillier, Madame Sylvie Fr\u00e9tign\u00e9, Monsieur Jean Luard<\/p>\n\n\n\n<p>Monsieur le cur\u00e9 de Segr\u00e9, membre de droit en tant qu&rsquo;affectataire de la chapelle.<\/p>\n<\/div><\/div>\n\n\n\n<hr class=\"wp-block-separator has-alpha-channel-opacity\"\/>\n\n\n\n<h2 class=\"wp-block-heading\">Les actions pass\u00e9es<\/h2>\n\n\n\n<figure class=\"wp-block-gallery has-nested-images columns-default is-cropped wp-block-gallery-2 is-layout-flex wp-block-gallery-is-layout-flex\">\n<figure class=\"wp-block-image size-large\"><img decoding=\"async\" width=\"1024\" height=\"738\" data-id=\"676\" src=\"https:\/\/www.saintjosephsegre.fr\/wp-content\/uploads\/2026\/04\/666423478_122180317352721998_5017277491332287330_n-1024x738.jpg\" alt=\"\" class=\"wp-image-676\" srcset=\"https:\/\/www.saintjosephsegre.fr\/wp-content\/uploads\/2026\/04\/666423478_122180317352721998_5017277491332287330_n-1024x738.jpg 1024w, https:\/\/www.saintjosephsegre.fr\/wp-content\/uploads\/2026\/04\/666423478_122180317352721998_5017277491332287330_n-300x216.jpg 300w, https:\/\/www.saintjosephsegre.fr\/wp-content\/uploads\/2026\/04\/666423478_122180317352721998_5017277491332287330_n-768x554.jpg 768w, https:\/\/www.saintjosephsegre.fr\/wp-content\/uploads\/2026\/04\/666423478_122180317352721998_5017277491332287330_n-1536x1107.jpg 1536w, https:\/\/www.saintjosephsegre.fr\/wp-content\/uploads\/2026\/04\/666423478_122180317352721998_5017277491332287330_n.jpg 1816w\" sizes=\"(max-width: 767px) 89vw, (max-width: 1000px) 54vw, (max-width: 1071px) 543px, 580px\" \/><\/figure>\n\n\n\n<figure class=\"wp-block-image size-large\"><img decoding=\"async\" width=\"819\" height=\"1024\" data-id=\"690\" src=\"https:\/\/www.saintjosephsegre.fr\/wp-content\/uploads\/2026\/04\/574322569_122157205610721998_9102846704334065270_n-1-819x1024.jpg\" alt=\"\" class=\"wp-image-690\" srcset=\"https:\/\/www.saintjosephsegre.fr\/wp-content\/uploads\/2026\/04\/574322569_122157205610721998_9102846704334065270_n-1-819x1024.jpg 819w, https:\/\/www.saintjosephsegre.fr\/wp-content\/uploads\/2026\/04\/574322569_122157205610721998_9102846704334065270_n-1-240x300.jpg 240w, https:\/\/www.saintjosephsegre.fr\/wp-content\/uploads\/2026\/04\/574322569_122157205610721998_9102846704334065270_n-1-768x960.jpg 768w, https:\/\/www.saintjosephsegre.fr\/wp-content\/uploads\/2026\/04\/574322569_122157205610721998_9102846704334065270_n-1-1229x1536.jpg 1229w, https:\/\/www.saintjosephsegre.fr\/wp-content\/uploads\/2026\/04\/574322569_122157205610721998_9102846704334065270_n-1.jpg 1638w\" sizes=\"(max-width: 767px) 89vw, (max-width: 1000px) 54vw, (max-width: 1071px) 543px, 580px\" \/><\/figure>\n\n\n\n<figure class=\"wp-block-image size-large\"><img loading=\"lazy\" decoding=\"async\" width=\"1024\" height=\"686\" data-id=\"760\" src=\"https:\/\/www.saintjosephsegre.fr\/wp-content\/uploads\/2026\/04\/544759580_122149306316721998_7036973961183009050_n-1024x686.jpg\" alt=\"\" class=\"wp-image-760\" srcset=\"https:\/\/www.saintjosephsegre.fr\/wp-content\/uploads\/2026\/04\/544759580_122149306316721998_7036973961183009050_n-1024x686.jpg 1024w, https:\/\/www.saintjosephsegre.fr\/wp-content\/uploads\/2026\/04\/544759580_122149306316721998_7036973961183009050_n-300x201.jpg 300w, https:\/\/www.saintjosephsegre.fr\/wp-content\/uploads\/2026\/04\/544759580_122149306316721998_7036973961183009050_n-768x514.jpg 768w, https:\/\/www.saintjosephsegre.fr\/wp-content\/uploads\/2026\/04\/544759580_122149306316721998_7036973961183009050_n-1536x1028.jpg 1536w, https:\/\/www.saintjosephsegre.fr\/wp-content\/uploads\/2026\/04\/544759580_122149306316721998_7036973961183009050_n.jpg 2048w\" sizes=\"(max-width: 767px) 89vw, (max-width: 1000px) 54vw, (max-width: 1071px) 543px, 580px\" \/><\/figure>\n\n\n\n<figure class=\"wp-block-image size-large\"><img loading=\"lazy\" decoding=\"async\" width=\"1024\" height=\"768\" data-id=\"759\" src=\"https:\/\/www.saintjosephsegre.fr\/wp-content\/uploads\/2026\/04\/IMG_7194-1024x768.jpeg\" alt=\"\" class=\"wp-image-759\" srcset=\"https:\/\/www.saintjosephsegre.fr\/wp-content\/uploads\/2026\/04\/IMG_7194-1024x768.jpeg 1024w, https:\/\/www.saintjosephsegre.fr\/wp-content\/uploads\/2026\/04\/IMG_7194-300x225.jpeg 300w, https:\/\/www.saintjosephsegre.fr\/wp-content\/uploads\/2026\/04\/IMG_7194-768x576.jpeg 768w, https:\/\/www.saintjosephsegre.fr\/wp-content\/uploads\/2026\/04\/IMG_7194-1536x1152.jpeg 1536w, https:\/\/www.saintjosephsegre.fr\/wp-content\/uploads\/2026\/04\/IMG_7194-2048x1536.jpeg 2048w\" sizes=\"(max-width: 767px) 89vw, (max-width: 1000px) 54vw, (max-width: 1071px) 543px, 580px\" \/><\/figure>\n\n\n\n<figure class=\"wp-block-image size-large\"><img loading=\"lazy\" decoding=\"async\" width=\"717\" height=\"1024\" data-id=\"761\" src=\"https:\/\/www.saintjosephsegre.fr\/wp-content\/uploads\/2026\/04\/499519347_122129269688721998_4387360270949761304_n-717x1024.jpg\" alt=\"\" class=\"wp-image-761\" srcset=\"https:\/\/www.saintjosephsegre.fr\/wp-content\/uploads\/2026\/04\/499519347_122129269688721998_4387360270949761304_n-717x1024.jpg 717w, https:\/\/www.saintjosephsegre.fr\/wp-content\/uploads\/2026\/04\/499519347_122129269688721998_4387360270949761304_n-210x300.jpg 210w, https:\/\/www.saintjosephsegre.fr\/wp-content\/uploads\/2026\/04\/499519347_122129269688721998_4387360270949761304_n-768x1097.jpg 768w, https:\/\/www.saintjosephsegre.fr\/wp-content\/uploads\/2026\/04\/499519347_122129269688721998_4387360270949761304_n-1076x1536.jpg 1076w, https:\/\/www.saintjosephsegre.fr\/wp-content\/uploads\/2026\/04\/499519347_122129269688721998_4387360270949761304_n.jpg 1434w\" sizes=\"(max-width: 717px) 100vw, 717px\" \/><\/figure>\n\n\n\n<figure class=\"wp-block-image size-large\"><img loading=\"lazy\" decoding=\"async\" width=\"724\" height=\"1024\" data-id=\"680\" src=\"https:\/\/www.saintjosephsegre.fr\/wp-content\/uploads\/2026\/04\/Odorico-Segre-2025-724x1024.png\" alt=\"\" class=\"wp-image-680\" srcset=\"https:\/\/www.saintjosephsegre.fr\/wp-content\/uploads\/2026\/04\/Odorico-Segre-2025-724x1024.png 724w, https:\/\/www.saintjosephsegre.fr\/wp-content\/uploads\/2026\/04\/Odorico-Segre-2025-212x300.png 212w, https:\/\/www.saintjosephsegre.fr\/wp-content\/uploads\/2026\/04\/Odorico-Segre-2025-768x1086.png 768w, https:\/\/www.saintjosephsegre.fr\/wp-content\/uploads\/2026\/04\/Odorico-Segre-2025-1086x1536.png 1086w, https:\/\/www.saintjosephsegre.fr\/wp-content\/uploads\/2026\/04\/Odorico-Segre-2025.png 1414w\" sizes=\"(max-width: 724px) 100vw, 724px\" \/><\/figure>\n\n\n\n<figure class=\"wp-block-image size-large\"><img loading=\"lazy\" decoding=\"async\" width=\"1024\" height=\"682\" data-id=\"762\" src=\"https:\/\/www.saintjosephsegre.fr\/wp-content\/uploads\/2026\/04\/MjAyMzA1MzRmMmEzNDZmNDFjM2M0NTVhMDQ3NTU5Mjc0NGQ2Yjc-1024x682.jpeg\" alt=\"\" class=\"wp-image-762\" srcset=\"https:\/\/www.saintjosephsegre.fr\/wp-content\/uploads\/2026\/04\/MjAyMzA1MzRmMmEzNDZmNDFjM2M0NTVhMDQ3NTU5Mjc0NGQ2Yjc-1024x682.jpeg 1024w, https:\/\/www.saintjosephsegre.fr\/wp-content\/uploads\/2026\/04\/MjAyMzA1MzRmMmEzNDZmNDFjM2M0NTVhMDQ3NTU5Mjc0NGQ2Yjc-300x200.jpeg 300w, https:\/\/www.saintjosephsegre.fr\/wp-content\/uploads\/2026\/04\/MjAyMzA1MzRmMmEzNDZmNDFjM2M0NTVhMDQ3NTU5Mjc0NGQ2Yjc-768x511.jpeg 768w, https:\/\/www.saintjosephsegre.fr\/wp-content\/uploads\/2026\/04\/MjAyMzA1MzRmMmEzNDZmNDFjM2M0NTVhMDQ3NTU5Mjc0NGQ2Yjc.jpeg 1260w\" sizes=\"(max-width: 767px) 89vw, (max-width: 1000px) 54vw, (max-width: 1071px) 543px, 580px\" \/><\/figure>\n\n\n\n<figure class=\"wp-block-image size-large\"><img loading=\"lazy\" decoding=\"async\" width=\"577\" height=\"1024\" data-id=\"326\" src=\"https:\/\/www.saintjosephsegre.fr\/wp-content\/uploads\/2022\/09\/thumbnail_IMG_9729-577x1024.jpg\" alt=\"\" class=\"wp-image-326\" srcset=\"https:\/\/www.saintjosephsegre.fr\/wp-content\/uploads\/2022\/09\/thumbnail_IMG_9729-577x1024.jpg 577w, https:\/\/www.saintjosephsegre.fr\/wp-content\/uploads\/2022\/09\/thumbnail_IMG_9729-169x300.jpg 169w, https:\/\/www.saintjosephsegre.fr\/wp-content\/uploads\/2022\/09\/thumbnail_IMG_9729.jpg 721w\" sizes=\"(max-width: 577px) 100vw, 577px\" \/><\/figure>\n\n\n\n<figure class=\"wp-block-image size-large\"><img loading=\"lazy\" decoding=\"async\" width=\"724\" height=\"1024\" data-id=\"231\" src=\"https:\/\/www.saintjosephsegre.fr\/wp-content\/uploads\/2022\/02\/273008252_3063287807220344_8962559731699057997_n-724x1024.jpg\" alt=\"\" class=\"wp-image-231\" srcset=\"https:\/\/www.saintjosephsegre.fr\/wp-content\/uploads\/2022\/02\/273008252_3063287807220344_8962559731699057997_n-724x1024.jpg 724w, https:\/\/www.saintjosephsegre.fr\/wp-content\/uploads\/2022\/02\/273008252_3063287807220344_8962559731699057997_n-212x300.jpg 212w, https:\/\/www.saintjosephsegre.fr\/wp-content\/uploads\/2022\/02\/273008252_3063287807220344_8962559731699057997_n-768x1086.jpg 768w, https:\/\/www.saintjosephsegre.fr\/wp-content\/uploads\/2022\/02\/273008252_3063287807220344_8962559731699057997_n-1086x1536.jpg 1086w, https:\/\/www.saintjosephsegre.fr\/wp-content\/uploads\/2022\/02\/273008252_3063287807220344_8962559731699057997_n.jpg 1240w\" sizes=\"(max-width: 724px) 100vw, 724px\" \/><\/figure>\n<\/figure>\n","protected":false},"excerpt":{"rendered":"<p>L&rsquo;objet Selon les statuts approuv\u00e9s le 19 mars 2021, l&rsquo;association a pour objet : \u00ab la restauration et l\u2019entretien de la chapelle Saint-Joseph de Segr\u00e9 dans le respect de son affectation au culte catholique\u2026 \u00bb Le bureau et le conseil d&rsquo;administration Pr\u00e9sidente d&rsquo;honneur : Madame Marcelle M\u00e9chineau Pr\u00e9sident : Monsieur Philippe Cazaban Vice-pr\u00e9sidente : Madame &hellip; <\/p>\n<p class=\"link-more\"><a href=\"https:\/\/www.saintjosephsegre.fr\/?page_id=59\" class=\"more-link\">Continuer la lecture<span class=\"screen-reader-text\"> de &laquo;&nbsp;L&rsquo;association&nbsp;&raquo;<\/span><\/a><\/p>\n","protected":false},"author":1,"featured_media":0,"parent":0,"menu_order":0,"comment_status":"closed","ping_status":"closed","template":"","meta":{"footnotes":""},"class_list":["post-59","page","type-page","status-publish","hentry"],"_links":{"self":[{"href":"https:\/\/www.saintjosephsegre.fr\/index.php?rest_route=\/wp\/v2\/pages\/59","targetHints":{"allow":["GET"]}}],"collection":[{"href":"https:\/\/www.saintjosephsegre.fr\/index.php?rest_route=\/wp\/v2\/pages"}],"about":[{"href":"https:\/\/www.saintjosephsegre.fr\/index.php?rest_route=\/wp\/v2\/types\/page"}],"author":[{"embeddable":true,"href":"https:\/\/www.saintjosephsegre.fr\/index.php?rest_route=\/wp\/v2\/users\/1"}],"replies":[{"embeddable":true,"href":"https:\/\/www.saintjosephsegre.fr\/index.php?rest_route=%2Fwp%2Fv2%2Fcomments&post=59"}],"version-history":[{"count":20,"href":"https:\/\/www.saintjosephsegre.fr\/index.php?rest_route=\/wp\/v2\/pages\/59\/revisions"}],"predecessor-version":[{"id":763,"href":"https:\/\/www.saintjosephsegre.fr\/index.php?rest_route=\/wp\/v2\/pages\/59\/revisions\/763"}],"wp:attachment":[{"href":"https:\/\/www.saintjosephsegre.fr\/index.php?rest_route=%2Fwp%2Fv2%2Fmedia&parent=59"}],"curies":[{"name":"wp","href":"https:\/\/api.w.org\/{rel}","templated":true}]}}