{"id":617,"date":"2024-05-25T08:51:07","date_gmt":"2024-05-25T06:51:07","guid":{"rendered":"https:\/\/www.saintjosephsegre.fr\/?page_id=617"},"modified":"2026-04-20T15:18:13","modified_gmt":"2026-04-20T13:18:13","slug":"les-entreprises-nous-soutiennent","status":"publish","type":"page","link":"https:\/\/www.saintjosephsegre.fr\/?page_id=617","title":{"rendered":"Ils nous soutiennent"},"content":{"rendered":"<figure><\/figure>\n<figure><a href=\"https:\/\/www.fondation-patrimoine.org\/les-projets\/chapelle-saint-joseph-a-segre-en-anjou-bleu\/104748\" target=\"_blank\" rel=\"noopener\"><img decoding=\"async\" style=\"width: 362px; height: auto;\" src=\"https:\/\/www.saintjosephsegre.fr\/wp-content\/uploads\/2026\/04\/fondation_du_patrimoine_fondation_du_patrimoine_53720-1024x940.jpg\" alt=\"\" \/><\/a><\/figure>\n<figure><a href=\"https:\/\/www.segreenanjoubleu.fr\/chapelle-saint-joseph-appel-aux-dons-lance\/#:~:text=V\u00e9ritable%20symbole%20de%20Segr\u00e9%2C%20la,la%20ville%20au%20Moyen%20\u00c2ge.\" target=\"_blank\" rel=\"noopener\"><img decoding=\"async\" style=\"width: 355px; height: auto;\" src=\"https:\/\/www.saintjosephsegre.fr\/wp-content\/uploads\/2026\/04\/Segre-en-anjou-bleu_logo-generique-1-1024x960.jpg\" alt=\"\" \/><\/a><\/figure>\n<figure><a href=\"https:\/\/www.catherinebelay.com\/-\/galleries\/la-chapelle-st-joseph-segr\" target=\"_blank\" rel=\"noopener\"><img decoding=\"async\" style=\"width: 788px; height: auto;\" src=\"https:\/\/www.saintjosephsegre.fr\/wp-content\/uploads\/2024\/05\/2024-05-25_08h10_47.png\" alt=\"\" \/><\/a><\/figure>\n<figure><a href=\"https:\/\/www.facebook.com\/associationdesartsetlettresduhautanjou\/\" target=\"_blank\" rel=\"noopener\"><img decoding=\"async\" style=\"width: 336px; height: auto;\" src=\"https:\/\/www.saintjosephsegre.fr\/wp-content\/uploads\/2026\/04\/20151120223609.jpg\" alt=\"\" \/><\/a><\/figure>\n<figure><a href=\"https:\/\/www.avantdeuxduhautanjou.com\" target=\"_blank\" rel=\"noopener\"><img decoding=\"async\" style=\"width: 340px; height: auto;\" src=\"https:\/\/www.saintjosephsegre.fr\/wp-content\/uploads\/2026\/04\/302576745_499841465484647_4839560013086187163_n-1024x1024.jpg\" alt=\"\" \/><\/a><\/figure>\n<figure><a href=\"https:\/\/daouad.fr\/projets\/diagnostic-de-la-chapelle-saint-joseph\/\" target=\"_blank\" rel=\"noopener\"><img decoding=\"async\" style=\"width: 338px; height: auto;\" src=\"https:\/\/www.saintjosephsegre.fr\/wp-content\/uploads\/2026\/04\/Capture-decran-2026-04-12-a-17.48.33.png\" alt=\"\" \/><\/a><\/figure>\n\n\n<figure class=\"wp-block-image size-large\"><a href=\"https:\/\/www.integrale-environnement.fr\/\" target=\"_blank\" rel=\" noreferrer noopener\"><img fetchpriority=\"high\" decoding=\"async\" width=\"1024\" height=\"419\" src=\"https:\/\/www.saintjosephsegre.fr\/wp-content\/uploads\/2026\/04\/Logo_Inge-conseil_IE_CMJN-1024x419.jpg\" alt=\"\" class=\"wp-image-787\" srcset=\"https:\/\/www.saintjosephsegre.fr\/wp-content\/uploads\/2026\/04\/Logo_Inge-conseil_IE_CMJN-1024x419.jpg 1024w, https:\/\/www.saintjosephsegre.fr\/wp-content\/uploads\/2026\/04\/Logo_Inge-conseil_IE_CMJN-300x123.jpg 300w, https:\/\/www.saintjosephsegre.fr\/wp-content\/uploads\/2026\/04\/Logo_Inge-conseil_IE_CMJN-768x314.jpg 768w, https:\/\/www.saintjosephsegre.fr\/wp-content\/uploads\/2026\/04\/Logo_Inge-conseil_IE_CMJN-1536x629.jpg 1536w, https:\/\/www.saintjosephsegre.fr\/wp-content\/uploads\/2026\/04\/Logo_Inge-conseil_IE_CMJN.jpg 1852w\" sizes=\"(max-width: 767px) 89vw, (max-width: 1000px) 54vw, (max-width: 1071px) 543px, 580px\" \/><\/a><\/figure>\n\n\n\n<p><\/p>\n","protected":false},"excerpt":{"rendered":"","protected":false},"author":1,"featured_media":0,"parent":0,"menu_order":0,"comment_status":"closed","ping_status":"closed","template":"","meta":{"footnotes":""},"class_list":["post-617","page","type-page","status-publish","hentry"],"_links":{"self":[{"href":"https:\/\/www.saintjosephsegre.fr\/index.php?rest_route=\/wp\/v2\/pages\/617","targetHints":{"allow":["GET"]}}],"collection":[{"href":"https:\/\/www.saintjosephsegre.fr\/index.php?rest_route=\/wp\/v2\/pages"}],"about":[{"href":"https:\/\/www.saintjosephsegre.fr\/index.php?rest_route=\/wp\/v2\/types\/page"}],"author":[{"embeddable":true,"href":"https:\/\/www.saintjosephsegre.fr\/index.php?rest_route=\/wp\/v2\/users\/1"}],"replies":[{"embeddable":true,"href":"https:\/\/www.saintjosephsegre.fr\/index.php?rest_route=%2Fwp%2Fv2%2Fcomments&post=617"}],"version-history":[{"count":15,"href":"https:\/\/www.saintjosephsegre.fr\/index.php?rest_route=\/wp\/v2\/pages\/617\/revisions"}],"predecessor-version":[{"id":798,"href":"https:\/\/www.saintjosephsegre.fr\/index.php?rest_route=\/wp\/v2\/pages\/617\/revisions\/798"}],"wp:attachment":[{"href":"https:\/\/www.saintjosephsegre.fr\/index.php?rest_route=%2Fwp%2Fv2%2Fmedia&parent=617"}],"curies":[{"name":"wp","href":"https:\/\/api.w.org\/{rel}","templated":true}]}}