{"id":63,"date":"2021-05-07T22:06:19","date_gmt":"2021-05-07T20:06:19","guid":{"rendered":"http:\/\/saintjosephsegre.fr\/?page_id=63"},"modified":"2026-04-12T17:46:57","modified_gmt":"2026-04-12T15:46:57","slug":"nous-soutenir","status":"publish","type":"page","link":"https:\/\/www.saintjosephsegre.fr\/?page_id=63","title":{"rendered":"Comment nous soutenir ?"},"content":{"rendered":"\n<p><strong>Pour continuer notre action de sauvegarde et de mise en valeur de cet \u00e9difice historique incontournable de l&rsquo;histoire et de la ville de Segr\u00e9, n&rsquo;h\u00e9sitez pas \u00e0 nous soutenir en adh\u00e9rant \u00e0 notre association et en faisant un don pour la restauration de la chapelle.<\/strong><\/p>\n\n\n\n<div class=\"wp-block-buttons is-layout-flex wp-block-buttons-is-layout-flex\">\n<div class=\"wp-block-button\"><a class=\"wp-block-button__link wp-element-button\" href=\"https:\/\/www.saintjosephsegre.fr\/?page_id=288#iframe_assoconnect\" target=\"_blank\" rel=\"noreferrer noopener\">Cliquez pour adh\u00e9rer  !<\/a><\/div>\n<\/div>\n\n\n\n<div class=\"wp-block-buttons is-layout-flex wp-block-buttons-is-layout-flex\">\n<div class=\"wp-block-button\"><a class=\"wp-block-button__link wp-element-button\" href=\"https:\/\/www.fondation-patrimoine.org\/les-projets\/chapelle-saint-joseph-a-segre-en-anjou-bleu\/104748\" target=\"_blank\" rel=\"noreferrer noopener\">Cliquez pour faire un don !<\/a><\/div>\n<\/div>\n\n\n\n<div class=\"wp-block-buttons is-layout-flex wp-block-buttons-is-layout-flex\">\n<div class=\"wp-block-button\"><a class=\"wp-block-button__link wp-element-button\" href=\"https:\/\/www.saintjosephsegre.fr\/wp-content\/uploads\/2026\/04\/Demande-adhesion-ou-don-1-2.pdf\" target=\"_blank\" rel=\"noreferrer noopener\">&#8230; ou t\u00e9l\u00e9chargez le bulletin d&rsquo;adh\u00e9sion<\/a><\/div>\n<\/div>\n\n\n\n<div style=\"height:100px\" aria-hidden=\"true\" class=\"wp-block-spacer\"><\/div>\n\n\n\n<figure class=\"wp-block-image size-large is-resized\"><img fetchpriority=\"high\" decoding=\"async\" width=\"1024\" height=\"577\" src=\"https:\/\/www.saintjosephsegre.fr\/wp-content\/uploads\/2026\/04\/20241008_125515-1024x577.jpg\" alt=\"\" class=\"wp-image-692\" style=\"width:761px;height:auto\" srcset=\"https:\/\/www.saintjosephsegre.fr\/wp-content\/uploads\/2026\/04\/20241008_125515-1024x577.jpg 1024w, https:\/\/www.saintjosephsegre.fr\/wp-content\/uploads\/2026\/04\/20241008_125515-300x169.jpg 300w, https:\/\/www.saintjosephsegre.fr\/wp-content\/uploads\/2026\/04\/20241008_125515-768x432.jpg 768w, https:\/\/www.saintjosephsegre.fr\/wp-content\/uploads\/2026\/04\/20241008_125515-1536x865.jpg 1536w, https:\/\/www.saintjosephsegre.fr\/wp-content\/uploads\/2026\/04\/20241008_125515-2048x1153.jpg 2048w\" sizes=\"(max-width: 767px) 89vw, (max-width: 1000px) 54vw, (max-width: 1071px) 543px, 580px\" \/><\/figure>\n","protected":false},"excerpt":{"rendered":"<p>Pour continuer notre action de sauvegarde et de mise en valeur de cet \u00e9difice historique incontournable de l&rsquo;histoire et de la ville de Segr\u00e9, n&rsquo;h\u00e9sitez pas \u00e0 nous soutenir en adh\u00e9rant \u00e0 notre association et en faisant un don pour la restauration de la chapelle.<\/p>\n","protected":false},"author":1,"featured_media":0,"parent":0,"menu_order":0,"comment_status":"closed","ping_status":"closed","template":"","meta":{"footnotes":""},"class_list":["post-63","page","type-page","status-publish","hentry"],"_links":{"self":[{"href":"https:\/\/www.saintjosephsegre.fr\/index.php?rest_route=\/wp\/v2\/pages\/63","targetHints":{"allow":["GET"]}}],"collection":[{"href":"https:\/\/www.saintjosephsegre.fr\/index.php?rest_route=\/wp\/v2\/pages"}],"about":[{"href":"https:\/\/www.saintjosephsegre.fr\/index.php?rest_route=\/wp\/v2\/types\/page"}],"author":[{"embeddable":true,"href":"https:\/\/www.saintjosephsegre.fr\/index.php?rest_route=\/wp\/v2\/users\/1"}],"replies":[{"embeddable":true,"href":"https:\/\/www.saintjosephsegre.fr\/index.php?rest_route=%2Fwp%2Fv2%2Fcomments&post=63"}],"version-history":[{"count":56,"href":"https:\/\/www.saintjosephsegre.fr\/index.php?rest_route=\/wp\/v2\/pages\/63\/revisions"}],"predecessor-version":[{"id":745,"href":"https:\/\/www.saintjosephsegre.fr\/index.php?rest_route=\/wp\/v2\/pages\/63\/revisions\/745"}],"wp:attachment":[{"href":"https:\/\/www.saintjosephsegre.fr\/index.php?rest_route=%2Fwp%2Fv2%2Fmedia&parent=63"}],"curies":[{"name":"wp","href":"https:\/\/api.w.org\/{rel}","templated":true}]}}